{"id":25,"date":"2025-07-22T12:43:47","date_gmt":"2025-07-22T12:43:47","guid":{"rendered":"https:\/\/akertaberna.rkinformatika.online\/?page_id=25"},"modified":"2025-07-28T12:03:18","modified_gmt":"2025-07-28T12:03:18","slug":"productos","status":"publish","type":"page","link":"https:\/\/akertaberna.com\/eu\/productos\/","title":{"rendered":"Produktuak"},"content":{"rendered":"\t\t<div data-elementor-type=\"wp-page\" data-elementor-id=\"25\" class=\"elementor elementor-25\" data-elementor-post-type=\"page\">\n\t\t\t\t<div class=\"elementor-element elementor-element-ef968a6 e-con-full e-flex e-con e-parent\" data-id=\"ef968a6\" data-element_type=\"container\" data-e-type=\"container\" data-settings=\"{&quot;background_background&quot;:&quot;classic&quot;,&quot;background_motion_fx_motion_fx_scrolling&quot;:&quot;yes&quot;,&quot;background_motion_fx_devices&quot;:[&quot;desktop&quot;,&quot;tablet&quot;,&quot;mobile&quot;]}\">\n\t\t\t\t<div class=\"elementor-element elementor-element-3045148 animated-slow elementor-invisible elementor-widget elementor-widget-heading\" data-id=\"3045148\" data-element_type=\"widget\" data-e-type=\"widget\" data-settings=\"{&quot;_animation_tablet&quot;:&quot;fadeInUp&quot;,&quot;_animation_mobile&quot;:&quot;fadeInUp&quot;,&quot;_animation&quot;:&quot;fadeInUp&quot;}\" data-widget_type=\"heading.default\">\n\t\t\t\t\t<h2 class=\"elementor-heading-title elementor-size-default\">Productos<\/h2>\t\t\t\t<\/div>\n\t\t\t\t<\/div>\n\t\t\t\t<section class=\"elementor-section elementor-top-section elementor-element elementor-element-53b9f1c elementor-section-content-middle elementor-section-boxed elementor-section-height-default elementor-section-height-default\" data-id=\"53b9f1c\" data-element_type=\"section\" data-e-type=\"section\" data-settings=\"{&quot;background_background&quot;:&quot;classic&quot;}\">\n\t\t\t\t\t\t\t<div class=\"elementor-background-overlay\"><\/div>\n\t\t\t\t\t\t\t<div class=\"elementor-container elementor-column-gap-wide\">\n\t\t\t\t\t<div class=\"elementor-column elementor-col-100 elementor-top-column elementor-element elementor-element-f2432fd\" data-id=\"f2432fd\" data-element_type=\"column\" data-e-type=\"column\">\n\t\t\t<div class=\"elementor-widget-wrap elementor-element-populated\">\n\t\t\t\t\t\t<section class=\"elementor-section elementor-inner-section elementor-element elementor-element-b327ca2 envato-kit-141-top-0 elementor-section-boxed elementor-section-height-default elementor-section-height-default\" data-id=\"b327ca2\" data-element_type=\"section\" data-e-type=\"section\">\n\t\t\t\t\t\t<div class=\"elementor-container elementor-column-gap-default\">\n\t\t\t\t\t<div class=\"elementor-column elementor-col-33 elementor-inner-column elementor-element elementor-element-4e27a41 elementor-invisible\" data-id=\"4e27a41\" data-element_type=\"column\" data-e-type=\"column\" data-settings=\"{&quot;background_background&quot;:&quot;classic&quot;,&quot;animation&quot;:&quot;fadeIn&quot;,&quot;animation_delay&quot;:100}\">\n\t\t\t<div class=\"elementor-widget-wrap elementor-element-populated\">\n\t\t\t\t\t\t<div class=\"elementor-element elementor-element-3fd56b8 elementor-widget elementor-widget-image\" data-id=\"3fd56b8\" data-element_type=\"widget\" data-e-type=\"widget\" data-widget_type=\"image.default\">\n\t\t\t\t\t\t\t\t\t\t\t\t\t\t\t<img decoding=\"async\" src=\"https:\/\/akertaberna.com\/wp-content\/uploads\/elementor\/thumbs\/2148342230-r96a37s11p00jnf29vat8s1y8dsyau3cb7gj5igbs0.jpg\" title=\"2148342230\" alt=\"2148342230\" loading=\"lazy\" \/>\t\t\t\t\t\t\t\t\t\t\t\t\t\t\t<\/div>\n\t\t\t\t<div class=\"elementor-element elementor-element-e615db2 elementor-widget elementor-widget-heading\" data-id=\"e615db2\" data-element_type=\"widget\" data-e-type=\"widget\" data-widget_type=\"heading.default\">\n\t\t\t\t\t<h2 class=\"elementor-heading-title elementor-size-default\">Cerveza: nuestra especialidad<\/h2>\t\t\t\t<\/div>\n\t\t\t\t<div class=\"elementor-element elementor-element-94ba2c9 elementor-widget elementor-widget-text-editor\" data-id=\"94ba2c9\" data-element_type=\"widget\" data-e-type=\"widget\" data-widget_type=\"text-editor.default\">\n\t\t\t\t\t\t\t\t\t<p data-start=\"576\" data-end=\"709\">En Aker, la cerveza es protagonista. Ofrecemos una selecci\u00f3n en constante rotaci\u00f3n, con propuestas tanto cl\u00e1sicas como atrevidas:<\/p><ul data-start=\"711\" data-end=\"956\"><li data-start=\"711\" data-end=\"767\"><p data-start=\"713\" data-end=\"767\">Cervezas artesanas vascas y del resto del Estado<\/p><\/li><li data-start=\"768\" data-end=\"846\"><p data-start=\"770\" data-end=\"846\">Estilos variados: Lager, IPA, APA, Stout, Trigo, Sour, Amber Ale y m\u00e1s<\/p><\/li><li data-start=\"847\" data-end=\"909\"><p data-start=\"849\" data-end=\"909\">Tiradores rotativos: cada semana, novedades diferentes<\/p><\/li><li data-start=\"910\" data-end=\"956\"><p data-start=\"912\" data-end=\"956\">Botellines y latas de edici\u00f3n limitada<\/p><\/li><\/ul>\t\t\t\t\t\t\t\t<\/div>\n\t\t\t\t\t<\/div>\n\t\t<\/div>\n\t\t\t\t<div class=\"elementor-column elementor-col-33 elementor-inner-column elementor-element elementor-element-7338e60 elementor-invisible\" data-id=\"7338e60\" data-element_type=\"column\" data-e-type=\"column\" data-settings=\"{&quot;background_background&quot;:&quot;classic&quot;,&quot;animation&quot;:&quot;fadeIn&quot;,&quot;animation_delay&quot;:200}\">\n\t\t\t<div class=\"elementor-widget-wrap elementor-element-populated\">\n\t\t\t\t\t\t<div class=\"elementor-element elementor-element-ba62acb elementor-widget elementor-widget-image\" data-id=\"ba62acb\" data-element_type=\"widget\" data-e-type=\"widget\" data-widget_type=\"image.default\">\n\t\t\t\t\t\t\t\t\t\t\t\t\t\t\t<img decoding=\"async\" src=\"https:\/\/akertaberna.com\/wp-content\/uploads\/elementor\/thumbs\/2149631751-r96a4llh3ww7mzep6yu1exhdpszemsl46219l6egm8.jpg\" title=\"2149631751\" alt=\"2149631751\" loading=\"lazy\" \/>\t\t\t\t\t\t\t\t\t\t\t\t\t\t\t<\/div>\n\t\t\t\t<div class=\"elementor-element elementor-element-eec5c84 elementor-widget elementor-widget-heading\" data-id=\"eec5c84\" data-element_type=\"widget\" data-e-type=\"widget\" data-widget_type=\"heading.default\">\n\t\t\t\t\t<h1 class=\"elementor-heading-title elementor-size-default\">Vinos: para los que prefieren uva<\/h1>\t\t\t\t<\/div>\n\t\t\t\t<div class=\"elementor-element elementor-element-c6f0a32 elementor-widget elementor-widget-text-editor\" data-id=\"c6f0a32\" data-element_type=\"widget\" data-e-type=\"widget\" data-widget_type=\"text-editor.default\">\n\t\t\t\t\t\t\t\t\t<p data-start=\"1076\" data-end=\"1186\">Adem\u00e1s de cervezas, en Aker tambi\u00e9n cuidamos nuestra selecci\u00f3n de vinos, pensada para paladares exigentes:<\/p><ul data-start=\"1188\" data-end=\"1407\"><li data-start=\"1188\" data-end=\"1292\"><p data-start=\"1190\" data-end=\"1292\">Tintos, blancos y rosados de diferentes denominaciones (Rioja, Navarra, Ribeira Sacra, Txakoli\u2026)<\/p><\/li><li data-start=\"1293\" data-end=\"1328\"><p data-start=\"1295\" data-end=\"1328\">Opciones por copa o botella<\/p><\/li><li data-start=\"1329\" data-end=\"1407\"><p data-start=\"1331\" data-end=\"1407\">Vinos j\u00f3venes, crianza y alg\u00fan que otro capricho para ocasiones especiales<\/p><\/li><\/ul><p data-start=\"1409\" data-end=\"1487\">Perfectos para acompa\u00f1ar una buena charla o una comida informal en la terraza.<\/p>\t\t\t\t\t\t\t\t<\/div>\n\t\t\t\t\t<\/div>\n\t\t<\/div>\n\t\t\t\t<div class=\"elementor-column elementor-col-33 elementor-inner-column elementor-element elementor-element-4e49b0c elementor-invisible\" data-id=\"4e49b0c\" data-element_type=\"column\" data-e-type=\"column\" data-settings=\"{&quot;background_background&quot;:&quot;classic&quot;,&quot;animation&quot;:&quot;fadeIn&quot;,&quot;animation_delay&quot;:300}\">\n\t\t\t<div class=\"elementor-widget-wrap elementor-element-populated\">\n\t\t\t\t\t\t<div class=\"elementor-element elementor-element-a0286a5 elementor-widget elementor-widget-image\" data-id=\"a0286a5\" data-element_type=\"widget\" data-e-type=\"widget\" data-widget_type=\"image.default\">\n\t\t\t\t\t\t\t\t\t\t\t\t\t\t\t<img decoding=\"async\" src=\"https:\/\/akertaberna.com\/wp-content\/uploads\/elementor\/thumbs\/21821-r96a97ywpl7ypyp17gr069hyv07dh7xlsxi7j5js0w.jpg\" title=\"21821\" alt=\"21821\" loading=\"lazy\" \/>\t\t\t\t\t\t\t\t\t\t\t\t\t\t\t<\/div>\n\t\t\t\t<div class=\"elementor-element elementor-element-140473f elementor-widget elementor-widget-heading\" data-id=\"140473f\" data-element_type=\"widget\" data-e-type=\"widget\" data-widget_type=\"heading.default\">\n\t\t\t\t\t<h2 class=\"elementor-heading-title elementor-size-default\">Para comer y picar<\/h2>\t\t\t\t<\/div>\n\t\t\t\t<div class=\"elementor-element elementor-element-4ae4c3f elementor-widget elementor-widget-text-editor\" data-id=\"4ae4c3f\" data-element_type=\"widget\" data-e-type=\"widget\" data-widget_type=\"text-editor.default\">\n\t\t\t\t\t\t\t\t\t<p data-start=\"1521\" data-end=\"1619\">Nuestra cocina es sencilla pero sabrosa, ideal para compartir o para acompa\u00f1ar tu bebida favorita:<\/p><ul data-start=\"1621\" data-end=\"1827\"><li data-start=\"1621\" data-end=\"1670\"><p data-start=\"1623\" data-end=\"1670\">Pintxos reci\u00e9n hechos y raciones para picar<\/p><\/li><li data-start=\"1671\" data-end=\"1729\"><p data-start=\"1673\" data-end=\"1729\">Tablas de embutidos, quesos locales y productos km 0<\/p><\/li><li data-start=\"1730\" data-end=\"1777\"><p data-start=\"1732\" data-end=\"1777\">Hamburguesas, bocadillos y platos del d\u00eda<\/p><\/li><li data-start=\"1778\" data-end=\"1827\"><p data-start=\"1780\" data-end=\"1827\">Opciones vegetarianas y veganas disponibles<\/p><\/li><\/ul><p data-start=\"1829\" data-end=\"1904\">Todo con un enfoque casero y utilizando producto local siempre que podemos.<\/p>\t\t\t\t\t\t\t\t<\/div>\n\t\t\t\t\t<\/div>\n\t\t<\/div>\n\t\t\t\t\t<\/div>\n\t\t<\/section>\n\t\t\t\t\t<\/div>\n\t\t<\/div>\n\t\t\t\t\t<\/div>\n\t\t<\/section>\n\t\t\t\t<\/div>\n\t\t","protected":false},"excerpt":{"rendered":"<p>Productos Cerveza: nuestra especialidad En Aker, la cerveza es protagonista. Ofrecemos una selecci\u00f3n en constante rotaci\u00f3n, con propuestas tanto cl\u00e1sicas como atrevidas: Cervezas artesanas vascas y del resto del Estado Estilos variados: Lager, IPA, APA, Stout, Trigo, Sour, Amber Ale y m\u00e1s Tiradores rotativos: cada semana, novedades diferentes Botellines y latas de edici\u00f3n limitada Vinos: [&hellip;]<\/p>\n","protected":false},"author":1,"featured_media":0,"parent":0,"menu_order":0,"comment_status":"closed","ping_status":"closed","template":"elementor_canvas","meta":{"footnotes":""},"class_list":["post-25","page","type-page","status-publish","hentry"],"yoast_head":"<!-- This site is optimized with the Yoast SEO plugin v27.3 - https:\/\/yoast.com\/product\/yoast-seo-wordpress\/ -->\n<title>Productos - Aker Taberna 2<\/title>\n<meta name=\"robots\" content=\"index, follow, max-snippet:-1, max-image-preview:large, max-video-preview:-1\" \/>\n<link rel=\"canonical\" href=\"https:\/\/akertaberna.com\/eu\/productos\/\" \/>\n<meta property=\"og:locale\" content=\"en_US\" \/>\n<meta property=\"og:type\" content=\"article\" \/>\n<meta property=\"og:title\" content=\"Productos - Aker Taberna 2\" \/>\n<meta property=\"og:description\" content=\"Productos Cerveza: nuestra especialidad En Aker, la cerveza es protagonista. Ofrecemos una selecci\u00f3n en constante rotaci\u00f3n, con propuestas tanto cl\u00e1sicas como atrevidas: Cervezas artesanas vascas y del resto del Estado Estilos variados: Lager, IPA, APA, Stout, Trigo, Sour, Amber Ale y m\u00e1s Tiradores rotativos: cada semana, novedades diferentes Botellines y latas de edici\u00f3n limitada Vinos: [&hellip;]\" \/>\n<meta property=\"og:url\" content=\"https:\/\/akertaberna.com\/eu\/productos\/\" \/>\n<meta property=\"og:site_name\" content=\"Aker Taberna 2\" \/>\n<meta property=\"article:modified_time\" content=\"2025-07-28T12:03:18+00:00\" \/>\n<meta property=\"og:image\" content=\"https:\/\/akertaberna.com\/wp-content\/uploads\/elementor\/thumbs\/2148342230-r96a37s11p00jnf29vat8s1y8dsyau3cb7gj5igbs0.jpg\" \/>\n<meta name=\"twitter:card\" content=\"summary_large_image\" \/>\n<meta name=\"twitter:label1\" content=\"Est. reading time\" \/>\n\t<meta name=\"twitter:data1\" content=\"1 minutua\" \/>\n<script type=\"application\/ld+json\" class=\"yoast-schema-graph\">{\"@context\":\"https:\\\/\\\/schema.org\",\"@graph\":[{\"@type\":\"WebPage\",\"@id\":\"https:\\\/\\\/akertaberna.com\\\/productos\\\/\",\"url\":\"https:\\\/\\\/akertaberna.com\\\/productos\\\/\",\"name\":\"Productos - Aker Taberna 2\",\"isPartOf\":{\"@id\":\"https:\\\/\\\/akertaberna.com\\\/#website\"},\"primaryImageOfPage\":{\"@id\":\"https:\\\/\\\/akertaberna.com\\\/productos\\\/#primaryimage\"},\"image\":{\"@id\":\"https:\\\/\\\/akertaberna.com\\\/productos\\\/#primaryimage\"},\"thumbnailUrl\":\"https:\\\/\\\/akertaberna.com\\\/wp-content\\\/uploads\\\/elementor\\\/thumbs\\\/2148342230-r96a37s11p00jnf29vat8s1y8dsyau3cb7gj5igbs0.jpg\",\"datePublished\":\"2025-07-22T12:43:47+00:00\",\"dateModified\":\"2025-07-28T12:03:18+00:00\",\"breadcrumb\":{\"@id\":\"https:\\\/\\\/akertaberna.com\\\/productos\\\/#breadcrumb\"},\"inLanguage\":\"eu\",\"potentialAction\":[{\"@type\":\"ReadAction\",\"target\":[\"https:\\\/\\\/akertaberna.com\\\/productos\\\/\"]}]},{\"@type\":\"ImageObject\",\"inLanguage\":\"eu\",\"@id\":\"https:\\\/\\\/akertaberna.com\\\/productos\\\/#primaryimage\",\"url\":\"https:\\\/\\\/akertaberna.com\\\/wp-content\\\/uploads\\\/elementor\\\/thumbs\\\/2148342230-r96a37s11p00jnf29vat8s1y8dsyau3cb7gj5igbs0.jpg\",\"contentUrl\":\"https:\\\/\\\/akertaberna.com\\\/wp-content\\\/uploads\\\/elementor\\\/thumbs\\\/2148342230-r96a37s11p00jnf29vat8s1y8dsyau3cb7gj5igbs0.jpg\"},{\"@type\":\"BreadcrumbList\",\"@id\":\"https:\\\/\\\/akertaberna.com\\\/productos\\\/#breadcrumb\",\"itemListElement\":[{\"@type\":\"ListItem\",\"position\":1,\"name\":\"Portada\",\"item\":\"https:\\\/\\\/akertaberna.com\\\/\"},{\"@type\":\"ListItem\",\"position\":2,\"name\":\"Productos\"}]},{\"@type\":\"WebSite\",\"@id\":\"https:\\\/\\\/akertaberna.com\\\/#website\",\"url\":\"https:\\\/\\\/akertaberna.com\\\/\",\"name\":\"Aker Taberna 2\",\"description\":\"Cervecer\u00eda con variedad de cervezas y buena terraza\",\"publisher\":{\"@id\":\"https:\\\/\\\/akertaberna.com\\\/#organization\"},\"potentialAction\":[{\"@type\":\"SearchAction\",\"target\":{\"@type\":\"EntryPoint\",\"urlTemplate\":\"https:\\\/\\\/akertaberna.com\\\/?s={search_term_string}\"},\"query-input\":{\"@type\":\"PropertyValueSpecification\",\"valueRequired\":true,\"valueName\":\"search_term_string\"}}],\"inLanguage\":\"eu\"},{\"@type\":\"Organization\",\"@id\":\"https:\\\/\\\/akertaberna.com\\\/#organization\",\"name\":\"Aker Taberna 2\",\"url\":\"https:\\\/\\\/akertaberna.com\\\/\",\"logo\":{\"@type\":\"ImageObject\",\"inLanguage\":\"eu\",\"@id\":\"https:\\\/\\\/akertaberna.com\\\/#\\\/schema\\\/logo\\\/image\\\/\",\"url\":\"https:\\\/\\\/akertaberna.com\\\/wp-content\\\/uploads\\\/2025\\\/07\\\/cropped-Diseno-sin-titulo-1.png\",\"contentUrl\":\"https:\\\/\\\/akertaberna.com\\\/wp-content\\\/uploads\\\/2025\\\/07\\\/cropped-Diseno-sin-titulo-1.png\",\"width\":450,\"height\":422,\"caption\":\"Aker Taberna 2\"},\"image\":{\"@id\":\"https:\\\/\\\/akertaberna.com\\\/#\\\/schema\\\/logo\\\/image\\\/\"}}]}<\/script>\n<!-- \/ Yoast SEO plugin. -->","yoast_head_json":{"title":"Productos - Aker Taberna 2","robots":{"index":"index","follow":"follow","max-snippet":"max-snippet:-1","max-image-preview":"max-image-preview:large","max-video-preview":"max-video-preview:-1"},"canonical":"https:\/\/akertaberna.com\/eu\/productos\/","og_locale":"en_US","og_type":"article","og_title":"Productos - Aker Taberna 2","og_description":"Productos Cerveza: nuestra especialidad En Aker, la cerveza es protagonista. Ofrecemos una selecci\u00f3n en constante rotaci\u00f3n, con propuestas tanto cl\u00e1sicas como atrevidas: Cervezas artesanas vascas y del resto del Estado Estilos variados: Lager, IPA, APA, Stout, Trigo, Sour, Amber Ale y m\u00e1s Tiradores rotativos: cada semana, novedades diferentes Botellines y latas de edici\u00f3n limitada Vinos: [&hellip;]","og_url":"https:\/\/akertaberna.com\/eu\/productos\/","og_site_name":"Aker Taberna 2","article_modified_time":"2025-07-28T12:03:18+00:00","og_image":[{"url":"https:\/\/akertaberna.com\/wp-content\/uploads\/elementor\/thumbs\/2148342230-r96a37s11p00jnf29vat8s1y8dsyau3cb7gj5igbs0.jpg","type":"","width":"","height":""}],"twitter_card":"summary_large_image","twitter_misc":{"Est. reading time":"1 minutua"},"schema":{"@context":"https:\/\/schema.org","@graph":[{"@type":"WebPage","@id":"https:\/\/akertaberna.com\/productos\/","url":"https:\/\/akertaberna.com\/productos\/","name":"Productos - Aker Taberna 2","isPartOf":{"@id":"https:\/\/akertaberna.com\/#website"},"primaryImageOfPage":{"@id":"https:\/\/akertaberna.com\/productos\/#primaryimage"},"image":{"@id":"https:\/\/akertaberna.com\/productos\/#primaryimage"},"thumbnailUrl":"https:\/\/akertaberna.com\/wp-content\/uploads\/elementor\/thumbs\/2148342230-r96a37s11p00jnf29vat8s1y8dsyau3cb7gj5igbs0.jpg","datePublished":"2025-07-22T12:43:47+00:00","dateModified":"2025-07-28T12:03:18+00:00","breadcrumb":{"@id":"https:\/\/akertaberna.com\/productos\/#breadcrumb"},"inLanguage":"eu","potentialAction":[{"@type":"ReadAction","target":["https:\/\/akertaberna.com\/productos\/"]}]},{"@type":"ImageObject","inLanguage":"eu","@id":"https:\/\/akertaberna.com\/productos\/#primaryimage","url":"https:\/\/akertaberna.com\/wp-content\/uploads\/elementor\/thumbs\/2148342230-r96a37s11p00jnf29vat8s1y8dsyau3cb7gj5igbs0.jpg","contentUrl":"https:\/\/akertaberna.com\/wp-content\/uploads\/elementor\/thumbs\/2148342230-r96a37s11p00jnf29vat8s1y8dsyau3cb7gj5igbs0.jpg"},{"@type":"BreadcrumbList","@id":"https:\/\/akertaberna.com\/productos\/#breadcrumb","itemListElement":[{"@type":"ListItem","position":1,"name":"Portada","item":"https:\/\/akertaberna.com\/"},{"@type":"ListItem","position":2,"name":"Productos"}]},{"@type":"WebSite","@id":"https:\/\/akertaberna.com\/#website","url":"https:\/\/akertaberna.com\/","name":"Aker Taberna 2","description":"Cervecer\u00eda con variedad de cervezas y buena terraza","publisher":{"@id":"https:\/\/akertaberna.com\/#organization"},"potentialAction":[{"@type":"SearchAction","target":{"@type":"EntryPoint","urlTemplate":"https:\/\/akertaberna.com\/?s={search_term_string}"},"query-input":{"@type":"PropertyValueSpecification","valueRequired":true,"valueName":"search_term_string"}}],"inLanguage":"eu"},{"@type":"Organization","@id":"https:\/\/akertaberna.com\/#organization","name":"Aker Taberna 2","url":"https:\/\/akertaberna.com\/","logo":{"@type":"ImageObject","inLanguage":"eu","@id":"https:\/\/akertaberna.com\/#\/schema\/logo\/image\/","url":"https:\/\/akertaberna.com\/wp-content\/uploads\/2025\/07\/cropped-Diseno-sin-titulo-1.png","contentUrl":"https:\/\/akertaberna.com\/wp-content\/uploads\/2025\/07\/cropped-Diseno-sin-titulo-1.png","width":450,"height":422,"caption":"Aker Taberna 2"},"image":{"@id":"https:\/\/akertaberna.com\/#\/schema\/logo\/image\/"}}]}},"_links":{"self":[{"href":"https:\/\/akertaberna.com\/eu\/wp-json\/wp\/v2\/pages\/25","targetHints":{"allow":["GET"]}}],"collection":[{"href":"https:\/\/akertaberna.com\/eu\/wp-json\/wp\/v2\/pages"}],"about":[{"href":"https:\/\/akertaberna.com\/eu\/wp-json\/wp\/v2\/types\/page"}],"author":[{"embeddable":true,"href":"https:\/\/akertaberna.com\/eu\/wp-json\/wp\/v2\/users\/1"}],"replies":[{"embeddable":true,"href":"https:\/\/akertaberna.com\/eu\/wp-json\/wp\/v2\/comments?post=25"}],"version-history":[{"count":37,"href":"https:\/\/akertaberna.com\/eu\/wp-json\/wp\/v2\/pages\/25\/revisions"}],"predecessor-version":[{"id":371,"href":"https:\/\/akertaberna.com\/eu\/wp-json\/wp\/v2\/pages\/25\/revisions\/371"}],"wp:attachment":[{"href":"https:\/\/akertaberna.com\/eu\/wp-json\/wp\/v2\/media?parent=25"}],"curies":[{"name":"wp","href":"https:\/\/api.w.org\/{rel}","templated":true}]}}