{"id":22,"date":"2025-07-22T12:43:02","date_gmt":"2025-07-22T12:43:02","guid":{"rendered":"https:\/\/akertaberna.rkinformatika.online\/?page_id=22"},"modified":"2025-07-23T08:07:09","modified_gmt":"2025-07-23T08:07:09","slug":"inicio","status":"publish","type":"page","link":"https:\/\/akertaberna.com\/eu\/","title":{"rendered":"Hasiera"},"content":{"rendered":"\t\t<div data-elementor-type=\"wp-page\" data-elementor-id=\"22\" class=\"elementor elementor-22\" data-elementor-post-type=\"page\">\n\t\t\t\t<div class=\"elementor-element elementor-element-b01474d e-con-full e-flex e-con e-parent\" data-id=\"b01474d\" data-element_type=\"container\" data-e-type=\"container\" data-settings=\"{&quot;background_background&quot;:&quot;classic&quot;,&quot;background_motion_fx_motion_fx_scrolling&quot;:&quot;yes&quot;,&quot;background_motion_fx_devices&quot;:[&quot;desktop&quot;,&quot;tablet&quot;,&quot;mobile&quot;]}\">\n\t\t\t\t<div class=\"elementor-element elementor-element-5f32320 animated-slow elementor-invisible elementor-widget elementor-widget-heading\" data-id=\"5f32320\" data-element_type=\"widget\" data-e-type=\"widget\" data-settings=\"{&quot;_animation_tablet&quot;:&quot;fadeInUp&quot;,&quot;_animation_mobile&quot;:&quot;fadeInUp&quot;,&quot;_animation&quot;:&quot;fadeInUp&quot;}\" data-widget_type=\"heading.default\">\n\t\t\t\t\t<h2 class=\"elementor-heading-title elementor-size-default\">Aker Taberna<\/h2>\t\t\t\t<\/div>\n\t\t\t\t<div class=\"elementor-element elementor-element-ad51608 animated-slow elementor-tablet-align-center elementor-invisible elementor-widget elementor-widget-button\" data-id=\"ad51608\" data-element_type=\"widget\" data-e-type=\"widget\" data-settings=\"{&quot;_animation_tablet&quot;:&quot;fadeInUp&quot;,&quot;_animation_mobile&quot;:&quot;fadeInUp&quot;,&quot;_animation&quot;:&quot;fadeInUp&quot;}\" data-widget_type=\"button.default\">\n\t\t\t\t\t\t\t\t\t\t<a class=\"elementor-button elementor-button-link elementor-size-sm\" href=\"https:\/\/www.google.com\/maps\/place\/Bar+Aker\/@43.0334621,-2.7181591,11z\/data=!4m10!1m2!2m1!1saker+taberna!3m6!1s0xd50290287a8c78b:0x55a1c9f67605bff8!8m2!3d43.0334621!4d-2.4132885!15sCgxha2VyIHRhYmVybmFaDiIMYWtlciB0YWJlcm5hkgEDYmFyqgE0EAEyHhABIhr4OlyjtBm-bWYGuMvxAqUomApMbnp-AWOGJzIQEAIiDGFrZXIgdGFiZXJuYeABAA!16s%2Fg%2F11y1s4ycg?authuser=0&#038;entry=ttu&#038;g_ep=EgoyMDI1MDcyMC4wIKXMDSoASAFQAw%3D%3D\" target=\"_blank\">\n\t\t\t\t\t\t<span class=\"elementor-button-content-wrapper\">\n\t\t\t\t\t\t\t\t\t<span class=\"elementor-button-text\">Ubicacion<\/span>\n\t\t\t\t\t<\/span>\n\t\t\t\t\t<\/a>\n\t\t\t\t\t\t\t\t<\/div>\n\t\t\t\t<\/div>\n\t\t<div class=\"elementor-element elementor-element-3dc51d2 e-flex e-con-boxed e-con e-parent\" data-id=\"3dc51d2\" data-element_type=\"container\" data-e-type=\"container\" data-settings=\"{&quot;background_background&quot;:&quot;classic&quot;}\">\n\t\t\t\t\t<div class=\"e-con-inner\">\n\t\t<div class=\"elementor-element elementor-element-fab0b2c e-con-full e-flex elementor-invisible e-con e-child\" data-id=\"fab0b2c\" data-element_type=\"container\" data-e-type=\"container\" data-settings=\"{&quot;background_background&quot;:&quot;classic&quot;,&quot;animation&quot;:&quot;fadeInLeft&quot;}\">\n\t\t\t\t<\/div>\n\t\t<div class=\"elementor-element elementor-element-4203c48 e-con-full e-flex e-con e-child\" data-id=\"4203c48\" data-element_type=\"container\" data-e-type=\"container\">\n\t\t\t\t<div class=\"elementor-element elementor-element-a0d9c5a elementor-widget elementor-widget-heading\" data-id=\"a0d9c5a\" data-element_type=\"widget\" data-e-type=\"widget\" data-widget_type=\"heading.default\">\n\t\t\t\t\t<h2 class=\"elementor-heading-title elementor-size-default\">Sobre Nosotros<\/h2>\t\t\t\t<\/div>\n\t\t\t\t<div class=\"elementor-element elementor-element-15f74c6 elementor-widget elementor-widget-text-editor\" data-id=\"15f74c6\" data-element_type=\"widget\" data-e-type=\"widget\" data-widget_type=\"text-editor.default\">\n\t\t\t\t\t\t\t\t\t<p data-start=\"196\" data-end=\"460\">En Aker Taberna nos apasiona la buena cerveza, el ambiente relajado y compartir momentos que se disfrutan sin prisas. Ubicados en pleno coraz\u00f3n de O\u00f1ati, somos una cervecer\u00eda pensada para los que valoran la calidad, la cercan\u00eda y las buenas conversaciones.<\/p><p data-start=\"462\" data-end=\"784\">Contamos con una cuidada selecci\u00f3n de cervezas, tanto locales como de importaci\u00f3n, para todos los gustos: desde rubias refrescantes hasta tostadas intensas o IPAs con car\u00e1cter. Y para acompa\u00f1ar, una terraza amplia y agradable donde el tiempo parece detenerse, ideal para una ronda entre amigos o para relajarte al sol.<\/p>\t\t\t\t\t\t\t\t<\/div>\n\t\t\t\t<\/div>\n\t\t\t\t\t<\/div>\n\t\t\t\t<\/div>\n\t\t<div class=\"elementor-element elementor-element-23601fb e-flex e-con-boxed e-con e-parent\" data-id=\"23601fb\" data-element_type=\"container\" data-e-type=\"container\" data-settings=\"{&quot;background_background&quot;:&quot;classic&quot;}\">\n\t\t\t\t\t<div class=\"e-con-inner\">\n\t\t\t\t<div class=\"elementor-element elementor-element-ca8aeaf elementor-invisible elementor-widget elementor-widget-heading\" data-id=\"ca8aeaf\" data-element_type=\"widget\" data-e-type=\"widget\" data-settings=\"{&quot;_animation&quot;:&quot;fadeInDown&quot;,&quot;motion_fx_motion_fx_scrolling&quot;:&quot;yes&quot;,&quot;motion_fx_opacity_effect&quot;:&quot;yes&quot;,&quot;motion_fx_opacity_direction&quot;:&quot;out-in-out&quot;,&quot;motion_fx_opacity_range&quot;:{&quot;unit&quot;:&quot;%&quot;,&quot;size&quot;:&quot;&quot;,&quot;sizes&quot;:{&quot;start&quot;:37,&quot;end&quot;:100}},&quot;motion_fx_opacity_level&quot;:{&quot;unit&quot;:&quot;px&quot;,&quot;size&quot;:10,&quot;sizes&quot;:[]},&quot;motion_fx_devices&quot;:[&quot;desktop&quot;,&quot;tablet&quot;,&quot;mobile&quot;]}\" data-widget_type=\"heading.default\">\n\t\t\t\t\t<h2 class=\"elementor-heading-title elementor-size-default\">\u00bfQu\u00e9 nos hace especiales?<\/h2>\t\t\t\t<\/div>\n\t\t\t\t<div class=\"elementor-element elementor-element-1d666fe elementor-invisible elementor-widget elementor-widget-text-editor\" data-id=\"1d666fe\" data-element_type=\"widget\" data-e-type=\"widget\" data-settings=\"{&quot;_animation&quot;:&quot;fadeInUp&quot;,&quot;motion_fx_motion_fx_scrolling&quot;:&quot;yes&quot;,&quot;motion_fx_opacity_effect&quot;:&quot;yes&quot;,&quot;motion_fx_opacity_direction&quot;:&quot;out-in-out&quot;,&quot;motion_fx_opacity_range&quot;:{&quot;unit&quot;:&quot;%&quot;,&quot;size&quot;:&quot;&quot;,&quot;sizes&quot;:{&quot;start&quot;:37,&quot;end&quot;:100}},&quot;motion_fx_opacity_level&quot;:{&quot;unit&quot;:&quot;px&quot;,&quot;size&quot;:10,&quot;sizes&quot;:[]},&quot;motion_fx_devices&quot;:[&quot;desktop&quot;,&quot;tablet&quot;,&quot;mobile&quot;]}\" data-widget_type=\"text-editor.default\">\n\t\t\t\t\t\t\t\t\t<p data-start=\"38\" data-end=\"415\"><strong data-start=\"786\" data-end=\"802\">Aker Taberna<\/strong> no es solo un lugar para beber cerveza. Es un rinc\u00f3n para encontrarse, para descubrir nuevos sabores, y para disfrutar de la vida al estilo vasco: aut\u00e9ntico, c\u00e1lido y con buena compa\u00f1\u00eda.<\/p>\t\t\t\t\t\t\t\t<\/div>\n\t\t\t\t<div class=\"elementor-element elementor-element-eac5958 elementor-tablet-align-center animated-slow elementor-invisible elementor-widget elementor-widget-button\" data-id=\"eac5958\" data-element_type=\"widget\" data-e-type=\"widget\" data-settings=\"{&quot;_animation&quot;:&quot;fadeInUp&quot;,&quot;_animation_tablet&quot;:&quot;fadeInUp&quot;,&quot;_animation_mobile&quot;:&quot;fadeInUp&quot;}\" data-widget_type=\"button.default\">\n\t\t\t\t\t\t\t\t\t\t<a class=\"elementor-button elementor-button-link elementor-size-sm\" href=\"https:\/\/akertaberna.com\/productos\/\">\n\t\t\t\t\t\t<span class=\"elementor-button-content-wrapper\">\n\t\t\t\t\t\t\t\t\t<span class=\"elementor-button-text\">Productos<\/span>\n\t\t\t\t\t<\/span>\n\t\t\t\t\t<\/a>\n\t\t\t\t\t\t\t\t<\/div>\n\t\t\t\t\t<\/div>\n\t\t\t\t<\/div>\n\t\t\t\t<\/div>\n\t\t","protected":false},"excerpt":{"rendered":"<p>Aker Taberna Ubicacion Sobre Nosotros En Aker Taberna nos apasiona la buena cerveza, el ambiente relajado y compartir momentos que se disfrutan sin prisas. Ubicados en pleno coraz\u00f3n de O\u00f1ati, somos una cervecer\u00eda pensada para los que valoran la calidad, la cercan\u00eda y las buenas conversaciones. Contamos con una cuidada selecci\u00f3n de cervezas, tanto locales [&hellip;]<\/p>\n","protected":false},"author":1,"featured_media":0,"parent":0,"menu_order":0,"comment_status":"closed","ping_status":"closed","template":"elementor_canvas","meta":{"footnotes":""},"class_list":["post-22","page","type-page","status-publish","hentry"],"yoast_head":"<!-- This site is optimized with the Yoast SEO plugin v27.3 - https:\/\/yoast.com\/product\/yoast-seo-wordpress\/ -->\n<title>Inicio - Aker Taberna 2<\/title>\n<meta name=\"robots\" content=\"index, follow, max-snippet:-1, max-image-preview:large, max-video-preview:-1\" \/>\n<link rel=\"canonical\" href=\"https:\/\/akertaberna.com\/eu\/\" \/>\n<meta property=\"og:locale\" content=\"en_US\" \/>\n<meta property=\"og:type\" content=\"article\" \/>\n<meta property=\"og:title\" content=\"Inicio - Aker Taberna 2\" \/>\n<meta property=\"og:description\" content=\"Aker Taberna Ubicacion Sobre Nosotros En Aker Taberna nos apasiona la buena cerveza, el ambiente relajado y compartir momentos que se disfrutan sin prisas. Ubicados en pleno coraz\u00f3n de O\u00f1ati, somos una cervecer\u00eda pensada para los que valoran la calidad, la cercan\u00eda y las buenas conversaciones. Contamos con una cuidada selecci\u00f3n de cervezas, tanto locales [&hellip;]\" \/>\n<meta property=\"og:url\" content=\"https:\/\/akertaberna.com\/eu\/\" \/>\n<meta property=\"og:site_name\" content=\"Aker Taberna 2\" \/>\n<meta property=\"article:modified_time\" content=\"2025-07-23T08:07:09+00:00\" \/>\n<meta name=\"twitter:card\" content=\"summary_large_image\" \/>\n<meta name=\"twitter:label1\" content=\"Est. reading time\" \/>\n\t<meta name=\"twitter:data1\" content=\"1 minutua\" \/>\n<script type=\"application\/ld+json\" class=\"yoast-schema-graph\">{\"@context\":\"https:\\\/\\\/schema.org\",\"@graph\":[{\"@type\":\"WebPage\",\"@id\":\"https:\\\/\\\/akertaberna.com\\\/\",\"url\":\"https:\\\/\\\/akertaberna.com\\\/\",\"name\":\"Inicio - Aker Taberna 2\",\"isPartOf\":{\"@id\":\"https:\\\/\\\/akertaberna.com\\\/#website\"},\"datePublished\":\"2025-07-22T12:43:02+00:00\",\"dateModified\":\"2025-07-23T08:07:09+00:00\",\"breadcrumb\":{\"@id\":\"https:\\\/\\\/akertaberna.com\\\/#breadcrumb\"},\"inLanguage\":\"eu\",\"potentialAction\":[{\"@type\":\"ReadAction\",\"target\":[\"https:\\\/\\\/akertaberna.com\\\/\"]}]},{\"@type\":\"BreadcrumbList\",\"@id\":\"https:\\\/\\\/akertaberna.com\\\/#breadcrumb\",\"itemListElement\":[{\"@type\":\"ListItem\",\"position\":1,\"name\":\"Portada\",\"item\":\"https:\\\/\\\/akertaberna.com\\\/\"},{\"@type\":\"ListItem\",\"position\":2,\"name\":\"Inicio\"}]},{\"@type\":\"WebSite\",\"@id\":\"https:\\\/\\\/akertaberna.com\\\/#website\",\"url\":\"https:\\\/\\\/akertaberna.com\\\/\",\"name\":\"Aker Taberna 2\",\"description\":\"Cervecer\u00eda con variedad de cervezas y buena terraza\",\"publisher\":{\"@id\":\"https:\\\/\\\/akertaberna.com\\\/#organization\"},\"potentialAction\":[{\"@type\":\"SearchAction\",\"target\":{\"@type\":\"EntryPoint\",\"urlTemplate\":\"https:\\\/\\\/akertaberna.com\\\/?s={search_term_string}\"},\"query-input\":{\"@type\":\"PropertyValueSpecification\",\"valueRequired\":true,\"valueName\":\"search_term_string\"}}],\"inLanguage\":\"eu\"},{\"@type\":\"Organization\",\"@id\":\"https:\\\/\\\/akertaberna.com\\\/#organization\",\"name\":\"Aker Taberna 2\",\"url\":\"https:\\\/\\\/akertaberna.com\\\/\",\"logo\":{\"@type\":\"ImageObject\",\"inLanguage\":\"eu\",\"@id\":\"https:\\\/\\\/akertaberna.com\\\/#\\\/schema\\\/logo\\\/image\\\/\",\"url\":\"https:\\\/\\\/akertaberna.com\\\/wp-content\\\/uploads\\\/2025\\\/07\\\/cropped-Diseno-sin-titulo-1.png\",\"contentUrl\":\"https:\\\/\\\/akertaberna.com\\\/wp-content\\\/uploads\\\/2025\\\/07\\\/cropped-Diseno-sin-titulo-1.png\",\"width\":450,\"height\":422,\"caption\":\"Aker Taberna 2\"},\"image\":{\"@id\":\"https:\\\/\\\/akertaberna.com\\\/#\\\/schema\\\/logo\\\/image\\\/\"}}]}<\/script>\n<!-- \/ Yoast SEO plugin. -->","yoast_head_json":{"title":"Inicio - Aker Taberna 2","robots":{"index":"index","follow":"follow","max-snippet":"max-snippet:-1","max-image-preview":"max-image-preview:large","max-video-preview":"max-video-preview:-1"},"canonical":"https:\/\/akertaberna.com\/eu\/","og_locale":"en_US","og_type":"article","og_title":"Inicio - Aker Taberna 2","og_description":"Aker Taberna Ubicacion Sobre Nosotros En Aker Taberna nos apasiona la buena cerveza, el ambiente relajado y compartir momentos que se disfrutan sin prisas. Ubicados en pleno coraz\u00f3n de O\u00f1ati, somos una cervecer\u00eda pensada para los que valoran la calidad, la cercan\u00eda y las buenas conversaciones. Contamos con una cuidada selecci\u00f3n de cervezas, tanto locales [&hellip;]","og_url":"https:\/\/akertaberna.com\/eu\/","og_site_name":"Aker Taberna 2","article_modified_time":"2025-07-23T08:07:09+00:00","twitter_card":"summary_large_image","twitter_misc":{"Est. reading time":"1 minutua"},"schema":{"@context":"https:\/\/schema.org","@graph":[{"@type":"WebPage","@id":"https:\/\/akertaberna.com\/","url":"https:\/\/akertaberna.com\/","name":"Inicio - Aker Taberna 2","isPartOf":{"@id":"https:\/\/akertaberna.com\/#website"},"datePublished":"2025-07-22T12:43:02+00:00","dateModified":"2025-07-23T08:07:09+00:00","breadcrumb":{"@id":"https:\/\/akertaberna.com\/#breadcrumb"},"inLanguage":"eu","potentialAction":[{"@type":"ReadAction","target":["https:\/\/akertaberna.com\/"]}]},{"@type":"BreadcrumbList","@id":"https:\/\/akertaberna.com\/#breadcrumb","itemListElement":[{"@type":"ListItem","position":1,"name":"Portada","item":"https:\/\/akertaberna.com\/"},{"@type":"ListItem","position":2,"name":"Inicio"}]},{"@type":"WebSite","@id":"https:\/\/akertaberna.com\/#website","url":"https:\/\/akertaberna.com\/","name":"Aker Taberna 2","description":"Cervecer\u00eda con variedad de cervezas y buena terraza","publisher":{"@id":"https:\/\/akertaberna.com\/#organization"},"potentialAction":[{"@type":"SearchAction","target":{"@type":"EntryPoint","urlTemplate":"https:\/\/akertaberna.com\/?s={search_term_string}"},"query-input":{"@type":"PropertyValueSpecification","valueRequired":true,"valueName":"search_term_string"}}],"inLanguage":"eu"},{"@type":"Organization","@id":"https:\/\/akertaberna.com\/#organization","name":"Aker Taberna 2","url":"https:\/\/akertaberna.com\/","logo":{"@type":"ImageObject","inLanguage":"eu","@id":"https:\/\/akertaberna.com\/#\/schema\/logo\/image\/","url":"https:\/\/akertaberna.com\/wp-content\/uploads\/2025\/07\/cropped-Diseno-sin-titulo-1.png","contentUrl":"https:\/\/akertaberna.com\/wp-content\/uploads\/2025\/07\/cropped-Diseno-sin-titulo-1.png","width":450,"height":422,"caption":"Aker Taberna 2"},"image":{"@id":"https:\/\/akertaberna.com\/#\/schema\/logo\/image\/"}}]}},"_links":{"self":[{"href":"https:\/\/akertaberna.com\/eu\/wp-json\/wp\/v2\/pages\/22","targetHints":{"allow":["GET"]}}],"collection":[{"href":"https:\/\/akertaberna.com\/eu\/wp-json\/wp\/v2\/pages"}],"about":[{"href":"https:\/\/akertaberna.com\/eu\/wp-json\/wp\/v2\/types\/page"}],"author":[{"embeddable":true,"href":"https:\/\/akertaberna.com\/eu\/wp-json\/wp\/v2\/users\/1"}],"replies":[{"embeddable":true,"href":"https:\/\/akertaberna.com\/eu\/wp-json\/wp\/v2\/comments?post=22"}],"version-history":[{"count":76,"href":"https:\/\/akertaberna.com\/eu\/wp-json\/wp\/v2\/pages\/22\/revisions"}],"predecessor-version":[{"id":230,"href":"https:\/\/akertaberna.com\/eu\/wp-json\/wp\/v2\/pages\/22\/revisions\/230"}],"wp:attachment":[{"href":"https:\/\/akertaberna.com\/eu\/wp-json\/wp\/v2\/media?parent=22"}],"curies":[{"name":"wp","href":"https:\/\/api.w.org\/{rel}","templated":true}]}}